{"id":8,"date":"2022-09-18T17:04:25","date_gmt":"2022-09-18T15:04:25","guid":{"rendered":"http:\/\/www.somt.cz\/?page_id=8"},"modified":"2024-10-23T15:16:54","modified_gmt":"2024-10-23T13:16:54","slug":"kontakt","status":"publish","type":"page","link":"http:\/\/www.somt.cz\/index.php\/kontakt\/","title":{"rendered":"Kontakt"},"content":{"rendered":"<div class=\"widget widget_text\">\n<div class=\"widget-content\">\n<h2 class=\"widget-title subheading heading-size-3\"><span style=\"font-size: inherit; color: var(--text-color); font-family: var(--text-font);\">SOMTNET z.s.<\/span><\/h2>\n<div class=\"textwidget\">\n<p>Star\u00e1 \u0158\u00ed\u0161e 124, 588 67<br \/>\nStar\u00e1 \u0158\u00ed\u0161e<br \/>\nI\u010cO: 27014312<\/p>\n<ul>\n<li><strong>E-mail:<\/strong> info (zavinac) somt (tecka) cz<\/li>\n<li><b>Hork\u00e1 linka<\/b><b>: <\/b>+420 608 100 800 Po-P\u00e1 v \u010dase 8:00-16:00<\/li>\n<li><b>Bankovn\u00ed spojen\u00ed:<\/b> 608100800\/5500<\/li>\n<\/ul>\n<\/div>\n<\/div>\n<\/div>\n","protected":false},"excerpt":{"rendered":"<p>SOMTNET z.s. Star\u00e1 \u0158\u00ed\u0161e 124, 588 67 Star\u00e1 \u0158\u00ed\u0161e I\u010cO: 27014312 E-mail: info (zavinac) somt (tecka) cz Hork\u00e1 linka: +420<\/p>\n","protected":false},"author":1,"featured_media":0,"parent":0,"menu_order":0,"comment_status":"closed","ping_status":"closed","template":"","meta":[],"_links":{"self":[{"href":"http:\/\/www.somt.cz\/index.php\/wp-json\/wp\/v2\/pages\/8"}],"collection":[{"href":"http:\/\/www.somt.cz\/index.php\/wp-json\/wp\/v2\/pages"}],"about":[{"href":"http:\/\/www.somt.cz\/index.php\/wp-json\/wp\/v2\/types\/page"}],"author":[{"embeddable":true,"href":"http:\/\/www.somt.cz\/index.php\/wp-json\/wp\/v2\/users\/1"}],"replies":[{"embeddable":true,"href":"http:\/\/www.somt.cz\/index.php\/wp-json\/wp\/v2\/comments?post=8"}],"version-history":[{"count":6,"href":"http:\/\/www.somt.cz\/index.php\/wp-json\/wp\/v2\/pages\/8\/revisions"}],"predecessor-version":[{"id":100,"href":"http:\/\/www.somt.cz\/index.php\/wp-json\/wp\/v2\/pages\/8\/revisions\/100"}],"wp:attachment":[{"href":"http:\/\/www.somt.cz\/index.php\/wp-json\/wp\/v2\/media?parent=8"}],"curies":[{"name":"wp","href":"https:\/\/api.w.org\/{rel}","templated":true}]}}